{"id":874,"date":"2024-11-06T08:29:05","date_gmt":"2024-11-06T11:29:05","guid":{"rendered":"http:\/\/industrialtor1.hospedagemdesites.ws\/?page_id=874"},"modified":"2025-06-11T09:47:14","modified_gmt":"2025-06-11T12:47:14","slug":"tirantes-autoperfurantes-linha-tor-ap","status":"publish","type":"page","link":"https:\/\/torcisao.ind.br\/pt_br\/tirantes-autoperfurantes-linha-tor-ap\/","title":{"rendered":"Tirantes Autoperfurantes Linha TOR AP"},"content":{"rendered":"\t\t<div data-elementor-type=\"wp-page\" data-elementor-id=\"874\" class=\"elementor elementor-874\" data-elementor-post-type=\"page\">\n\t\t\t\t<div class=\"elementor-element elementor-element-0e8829f e-flex e-con-boxed e-con e-parent\" data-id=\"0e8829f\" data-element_type=\"container\">\n\t\t\t\t\t<div class=\"e-con-inner\">\n\t\t\t\t<div class=\"elementor-element elementor-element-b2712d1 elementor-widget elementor-widget-text-editor\" data-id=\"b2712d1\" data-element_type=\"widget\" data-widget_type=\"text-editor.default\">\n\t\t\t\t<div class=\"elementor-widget-container\">\n\t\t\t\t\t\t\t\t\t<!-- Fonte Montserrat do Google Fonts -->\n<link href=\"https:\/\/fonts.googleapis.com\/css?family=Montserrat:400,700&#038;display=swap\" rel=\"stylesheet\">\n\n<style>\n  body {\n    font-family: 'Montserrat', Arial, Helvetica, sans-serif !important;\n    background: #fafbfc;\n    color: #222;\n    margin: 0;\n    padding: 0;\n  }\n  .pce-container {\n    max-width: 1100px;\n    margin: 0 auto;\n    padding: 40px 16px 60px 16px;\n    display: flex;\n    flex-direction: column;\n    gap: 40px;\n  }\n  .pce-section {\n    background: #fff;\n    border-radius: 16px;\n    box-shadow: 0 4px 24px rgba(0,0,0,0.07);\n    padding: 48px 40px 36px 40px;\n    margin-bottom: 40px;\n    transition: box-shadow 0.2s, background 0.2s;\n    box-sizing: border-box;\n  }\n  .pce-section:last-child {\n    background: #cc0000;\n    color: #fff;\n    box-shadow: none;\n    padding: 50px 20px;\n    margin-bottom: 0;\n    text-align: center;\n  }\n  .pce-section h1, .pce-section h2, .pce-section h3 {\n    font-family: 'Montserrat', Arial, sans-serif;\n  }\n  .pce-section h1 {\n    color: #cc0000;\n    font-size: 2.3em;\n    margin-bottom: 25px;\n    font-weight: 700;\n  }\n  .pce-section h2 {\n    color: #222;\n    margin-bottom: 25px;\n    font-size: 2em;\n    font-weight: bold;\n  }\n  .pce-section h3 {\n    color: #cc0000;\n    font-size: 1.2em;\n    margin-bottom: 10px;\n    font-weight: bold;\n  }\n  .pce-section ul {\n    list-style: none;\n    padding: 0;\n    margin: 0;\n  }\n  .pce-section li {\n    margin-bottom: 8px;\n    font-size: 1.05em;\n  }\n  .pce-section img {\n    width: 100%;\n    border-radius: 8px;\n    box-shadow: 0 4px 15px rgba(0,0,0,0.1);\n    margin-bottom: 0;\n    transition: box-shadow 0.2s;\n    cursor: pointer;\n  }\n  .destaque-vermelho {\n    color: #cc0000;\n    font-weight: bold;\n  }\n  .tec-grid {\n    display: grid;\n    grid-template-columns: repeat(auto-fit, minmax(260px, 1fr));\n    gap: 32px;\n    max-width: 900px;\n    margin: 0 auto;\n  }\n  .cta-btn {\n    display: inline-block;\n    background: linear-gradient(90deg,#cc0000 60%,#ff0033 100%);\n    color: #fff;\n    padding: 15px 50px;\n    border-radius: 30px;\n    text-decoration: none;\n    font-weight: bold;\n    font-size: 1.1em;\n    box-shadow: 0 4px 15px rgba(0,0,0,0.13);\n    transition: background 0.2s,transform 0.2s,box-shadow 0.2s;\n    letter-spacing: 1px;\n    border: none;\n    cursor: pointer;\n    margin-top: 28px;\n  }\n  .cta-btn:hover, .cta-btn:focus {\n    background: linear-gradient(90deg,#ff0033 60%,#cc0000 100%);\n    color: #fff;\n    transform: scale(1.04);\n  }\n  @media (max-width: 900px) {\n    .pce-section {\n      padding: 24px 2vw;\n    }\n    .pce-section > div[style*=\"grid-template-columns\"] {\n      grid-template-columns: 1fr !important;\n      gap: 24px !important;\n    }\n  }\n  @media (max-width: 700px) {\n    .pce-container {\n      padding: 10px 0 30px 0;\n    }\n    .pce-section {\n      padding: 14px 4vw;\n      border-radius: 10px;\n      margin-bottom: 24px;\n    }\n    .pce-section h1 {\n      font-size: 1.3em;\n    }\n    .pce-section h2 {\n      font-size: 1.1em;\n    }\n    .pce-section h3 {\n      font-size: 1em;\n    }\n    .pce-section ul, .pce-section li {\n      font-size: 1em;\n    }\n    .pce-section img {\n      border-radius: 6px;\n    }\n    .pce-section > div[style*=\"grid-template-columns\"] {\n      grid-template-columns: 1fr !important;\n      gap: 14px !important;\n    }\n  }\n  \/* Lightbox or\u00e7amento *\/\n  #orcamento-lightbox {\n    opacity: 0;\n    pointer-events: none;\n    transition: opacity 0.28s cubic-bezier(.4,0,.2,1);\n    display: flex;\n    position: fixed;\n    z-index: 99999;\n    top: 0; left: 0; width: 100vw; height: 100vh;\n    background: rgba(0,0,0,0.85);\n    align-items: center;\n    justify-content: center;\n  }\n  #orcamento-lightbox.open {\n    opacity: 1;\n    pointer-events: auto;\n  }\n  .orcamento-modal {\n    background: #fff;\n    border-radius: 16px;\n    box-shadow: 0 8px 32px rgba(0,0,0,0.18);\n    max-width: 98vw;\n    width: 420px;\n    padding: 0 0 32px 0;\n    position: relative;\n    display: flex;\n    flex-direction: column;\n    align-items: stretch;\n    transition: max-width 0.28s cubic-bezier(.4,0,.2,1), width 0.28s cubic-bezier(.4,0,.2,1), height 0.28s cubic-bezier(.4,0,.2,1);\n  }\n  #orcamento-lightbox-iframe {\n    border: none;\n    width: 100%;\n    min-height: 340px;\n    border-radius: 0 0 16px 16px;\n    background: #fff;\n    display: block;\n    transition: min-height 0.28s cubic-bezier(.4,0,.2,1);\n  }\n  @media (max-width: 600px) {\n    .orcamento-modal {\n      width: 98vw;\n      min-width: 0;\n      max-width: 100vw;\n      padding: 0 0 16px 0;\n    }\n    #orcamento-lightbox-iframe {\n      min-height: 220px;\n      border-radius: 0 0 12px 12px;\n    }\n  }\n  \/* Lightbox imagem produto *\/\n  #img-lightbox {\n    display: none;\n    position: fixed;\n    z-index: 100000;\n    top: 0;\n    left: 0;\n    width: 100vw;\n    height: 100vh;\n    background: rgba(0,0,0,0.92);\n    align-items: center;\n    justify-content: center;\n  }\n  #img-lightbox.open {\n    display: flex;\n  }\n  #img-lightbox-close {\n    position: absolute;\n    top: 24px;\n    right: 40px;\n    font-size: 3em;\n    color: #fff;\n    cursor: pointer;\n    font-weight: bold;\n    z-index: 2;\n  }\n  #img-lightbox-img {\n    max-width: 90vw;\n    max-height: 90vh;\n    border-radius: 12px;\n    box-shadow: 0 8px 32px rgba(0,0,0,0.25);\n    display: block;\n    margin: auto;\n  }\n<\/style>\n\n<div class=\"pce-container\">\n\n  <!-- Se\u00e7\u00e3o Hero -->\n  <section class=\"pce-section\">\n    <div style=\"display: grid; grid-template-columns: 1fr 1fr; gap: 40px; align-items: center;\">\n      <div>\n        <h1>Tirantes Autoperfurantes TOR-AP<\/h1>\n        <p style=\"font-size: 1.1em;\">\n          Os Tirantes Autoperfurantes TOR-AP s\u00e3o tubos de a\u00e7o roscados e resistentes \u00e0 tra\u00e7\u00e3o, usados em funda\u00e7\u00f5es de ancoragens em rochas, solos com rocha e elementos enterrados de torres estaiadas. Sua geometria permite perfura\u00e7\u00e3o e inje\u00e7\u00e3o simult\u00e2neas, utilizando a pr\u00f3pria barra como ferramenta de perfura\u00e7\u00e3o e condu\u00e7\u00e3o do aglutinante.\n        <\/p>\n        <p>\n          O conjunto de hastes tubulares de perfura\u00e7\u00e3o que tamb\u00e9m ir\u00e3o compor o elemento definitivo resistente \u00e0 tra\u00e7\u00e3o s\u00e3o emendados por luvas rosque\u00e1veis, tendo \u00e0 extremidade uma pe\u00e7a de perfura\u00e7\u00e3o perdida chamada de tricone, com caracter\u00edsticas compat\u00edveis ao terreno a perfurar.\n        <\/p>\n        <p>\n          Ap\u00f3s a instala\u00e7\u00e3o do tirante com os elementos caracter\u00edsticos bem definidos (trechos livre e ancorado), aguardado o prazo de cura do aglutinante, instala-se os acess\u00f3rios da cabe\u00e7a e executa-se a Protens\u00e3o.\n        <\/p>\n        <p>\n          Elementos tubulares roscados em <span class=\"destaque-vermelho\">a\u00e7o estrutural de alta resist\u00eancia<\/span>, desenvolvidos para aplica\u00e7\u00f5es em:\n        <\/p>\n        <ul style=\"list-style: none; padding: 0; margin-top: 18px;\">\n          <li style=\"margin-bottom: 15px;\">\u2705 Ancoragem em rochas<\/li>\n          <li style=\"margin-bottom: 15px;\">\u2705 Solos com camada rochosa<\/li>\n          <li style=\"margin-bottom: 15px;\">\u2705 Conten\u00e7\u00e3o de taludes<\/li>\n        <\/ul>\n      <\/div>\n      <div style=\"text-align:center;\">\n        <img decoding=\"async\" id=\"produto-img\" style=\"width: 100%; max-width: 420px; border-radius: 12px; box-shadow: 0 4px 12px rgba(0,0,0,0.1); margin-bottom: 18px; cursor:pointer;\" src=\"https:\/\/torcisao.ind.br\/wp-content\/uploads\/2019\/07\/DSC_0528-1-1080x675.jpg\" alt=\"Instala\u00e7\u00e3o profissional de tirantes autoperfurantes em obra\" \/>\n        <div style=\"margin-top:28px;\">\n          <a id=\"btn-orcamento\" class=\"cta-btn orcamento-btn-produto\" href=\"#\">\n            SOLICITAR OR\u00c7AMENTO\n          <\/a>\n        <\/div>\n      <\/div>\n    <\/div>\n  <\/section>\n\n  <!-- Se\u00e7\u00e3o Funcionamento -->\n  <section class=\"pce-section\" style=\"background: #f8f9fa;\">\n    <h2 style=\"color: #222; border-left: 4px solid #cc0000; padding-left: 15px;\">Tecnologia Integrada<\/h2>\n    <div style=\"display: grid; grid-template-columns: 1fr 1fr; gap: 40px; margin-top: 30px;\">\n      <div>\n        <p style=\"font-size: 1.1em;\">Geometria especial permite atuar como <span class=\"destaque-vermelho\">hastes autoperfurantes<\/span>, combinando perfura\u00e7\u00e3o e inje\u00e7\u00e3o de aglutinante em uma \u00fanica opera\u00e7\u00e3o.<\/p>\n        <div style=\"margin-top: 25px;\">\n          <h3 style=\"color: #cc0000; margin-bottom: 15px;\">Aplica\u00e7\u00f5es Complementares:<\/h3>\n          <ul style=\"list-style: none; padding: 0;\">\n            <li style=\"margin-bottom: 10px;\">\ud83c\udfd7\ufe0f Funda\u00e7\u00f5es para torres autoportantes<\/li>\n            <li style=\"margin-bottom: 10px;\">\u26a1 Mastros de estruturas estaiadas<\/li>\n            <li style=\"margin-bottom: 10px;\">\ud83d\udd17 Alternativa a microestacas e chumbadores<\/li>\n          <\/ul>\n        <\/div>\n      <\/div>\n      <div><\/div>\n    <\/div>\n  <\/section>\n\n  <!-- Se\u00e7\u00e3o Diferenciais -->\n  <section class=\"pce-section\">\n    <h2 style=\"color: #222; text-align: center; margin-bottom: 40px;\">Vantagens Exclusivas<\/h2>\n    <div class=\"tec-grid\" style=\"grid-template-columns: 1fr 1fr 1fr;\">\n      <div style=\"padding: 25px; background: #fff; border-radius: 8px; border: 1px solid #eee; display: flex; flex-direction: column; align-items: center; text-align: center;\">\n        <span style=\"color: #cc0000; font-family: Dosis, Arial, Helvetica, sans-serif; font-size: 18px; letter-spacing: 3px; text-transform: uppercase;\">\ud83d\udccf Flexibilidade T\u00e9cnica<\/span>\n        <span style=\"margin-top: 12px;\">Di\u00e2metros de 40mm a 62mm com m\u00faltiplas capacidades de carga<\/span>\n      <\/div>\n      <div style=\"padding: 25px; background: #fff; border-radius: 8px; border: 1px solid #eee; display: flex; flex-direction: column; align-items: center; text-align: center;\">\n        <h3 style=\"color: #cc0000; margin-bottom: 10px;\">\ud83d\udee1\ufe0f Prote\u00e7\u00e3o Anticorrosiva<\/h3>\n        Op\u00e7\u00f5es: galvaniza\u00e7\u00e3o, pintura ou prote\u00e7\u00e3o duplex\n      <\/div>\n      <div style=\"padding: 25px; background: #fff; border-radius: 8px; border: 1px solid #eee; display: flex; flex-direction: column; align-items: center; text-align: center;\">\n        <span style=\"color: #cc0000; font-family: Dosis, Arial, Helvetica, sans-serif; font-size: 18px; letter-spacing: 3px; text-transform: uppercase;\">\u2714\ufe0f Conformidade<\/span>\n        <span style=\"margin-top: 12px;\">NBR 5629 e assist\u00eancia t\u00e9cnica 24h<\/span>\n      <\/div>\n    <\/div>\n  <\/section>\n\n  <!-- CTA Final -->\n  <section class=\"pce-section\" style=\"text-align: center; background: #cc0000; color: white;\">\n    <a id=\"btn-orcamento-final\" class=\"cta-btn orcamento-btn-produto\" style=\"background: white; color: #cc0000 !important;\" href=\"#\">\n      FAZER OR\u00c7AMENTO\n    <\/a>\n    <p style=\"margin-top: 15px; font-size: 0.9em;\">Conformidade NBR 5629 \u2219 Assist\u00eancia t\u00e9cnica 24h<\/p>\n  <\/section>\n<\/div>\n\n<!-- Lightbox or\u00e7amento -->\n<div id=\"orcamento-lightbox\">\n  <div class=\"orcamento-modal\">\n    <div class=\"orcamento-modal-header\" style=\"background:#cc0000;color:#fff;border-radius:16px 16px 0 0;padding:22px 32px 18px 32px;font-size:1.25em;font-weight:bold;letter-spacing:1px;display:flex;align-items:center;justify-content:space-between;\">\n      Solicite um or\u00e7amento\n      <button id=\"orcamento-lightbox-close\" title=\"Fechar\" aria-label=\"Fechar modal\" style=\"color:#fff;font-size:2.2em;font-weight:bold;cursor:pointer;background:none;border:none;margin-left:18px;line-height:1;transition:color 0.2s;\">&times;<\/button>\n    <\/div>\n    <iframe id=\"orcamento-lightbox-iframe\" src=\"\" allowfullscreen style=\"border:none;width:100%;min-height:340px;border-radius:0 0 16px 16px;background:#fff;display:block;\"><\/iframe>\n  <\/div>\n<\/div>\n\n<!-- Lightbox da imagem do produto -->\n<div id=\"img-lightbox\">\n  <span id=\"img-lightbox-close\" style=\"position:absolute;top:24px;right:40px;font-size:3em;color:#fff;cursor:pointer;font-weight:bold;z-index:2;\">&times;<\/span>\n  <img decoding=\"async\" id=\"img-lightbox-img\" src=\"\" alt=\"Visualiza\u00e7\u00e3o ampliada\" style=\"max-width:90vw;max-height:90vh;border-radius:12px;box-shadow:0 8px 32px rgba(0,0,0,0.25);display:block;margin:auto;\">\n<\/div>\n\n<script>\ndocument.addEventListener(\"DOMContentLoaded\", function() {\n  \/\/ Lightbox da imagem do produto\n  var img = document.getElementById('produto-img');\n  var imgLightbox = document.getElementById('img-lightbox');\n  var imgLightboxImg = document.getElementById('img-lightbox-img');\n  var imgLightboxClose = document.getElementById('img-lightbox-close');\n  if (img && imgLightbox && imgLightboxImg && imgLightboxClose) {\n    img.addEventListener('click', function() {\n      imgLightboxImg.src = img.src;\n      imgLightbox.classList.add('open');\n      document.body.style.overflow = 'hidden';\n    });\n    imgLightboxClose.addEventListener('click', function() {\n      imgLightbox.classList.remove('open');\n      setTimeout(() => { imgLightboxImg.src = ''; document.body.style.overflow = ''; }, 280);\n    });\n    imgLightbox.addEventListener('click', function(e) {\n      if (e.target === imgLightbox) {\n        imgLightbox.classList.remove('open');\n        setTimeout(() => { imgLightboxImg.src = ''; document.body.style.overflow = ''; }, 280);\n      }\n    });\n    document.addEventListener('keydown', function(e) {\n      if (imgLightbox.classList.contains('open') && e.key === \"Escape\") {\n        imgLightbox.classList.remove('open');\n        setTimeout(() => { imgLightboxImg.src = ''; document.body.style.overflow = ''; }, 280);\n      }\n    });\n  }\n\n  \/\/ Lightbox or\u00e7amento\n  function abrirOrcamento(e) {\n    e.preventDefault();\n    var orcamentoLightbox = document.getElementById('orcamento-lightbox');\n    var orcamentoIframe = document.getElementById('orcamento-lightbox-iframe');\n    orcamentoLightbox.classList.add('open');\n    orcamentoIframe.src = '\/orcamento-conteudo.php';\n    document.body.style.overflow = 'hidden';\n  }\n  var orcamentoBtn = document.getElementById('btn-orcamento');\n  var orcamentoBtnFinal = document.getElementById('btn-orcamento-final');\n  if (orcamentoBtn) orcamentoBtn.addEventListener('click', abrirOrcamento);\n  if (orcamentoBtnFinal) orcamentoBtnFinal.addEventListener('click', abrirOrcamento);\n\n  var orcamentoLightbox = document.getElementById('orcamento-lightbox');\n  var orcamentoIframe = document.getElementById('orcamento-lightbox-iframe');\n  var orcamentoClose = document.getElementById('orcamento-lightbox-close');\n  var orcamentoModal = document.querySelector('.orcamento-modal');\n  if (orcamentoClose && orcamentoLightbox && orcamentoIframe && orcamentoModal) {\n    orcamentoClose.onclick = function() {\n      orcamentoLightbox.classList.remove('open');\n      setTimeout(() => { orcamentoIframe.src = ''; document.body.style.overflow = ''; }, 280);\n    };\n    orcamentoLightbox.onclick = function(e) {\n      if (e.target === orcamentoLightbox) {\n        orcamentoLightbox.classList.remove('open');\n        setTimeout(() => { orcamentoIframe.src = ''; document.body.style.overflow = ''; }, 280);\n      }\n    };\n    document.addEventListener('keydown', function(e) {\n      if (orcamentoLightbox.classList.contains('open') && e.key === \"Escape\") {\n        orcamentoLightbox.classList.remove('open');\n        setTimeout(() => { orcamentoIframe.src = ''; document.body.style.overflow = ''; }, 280);\n      }\n    });\n\n    \/\/ Ajuste din\u00e2mico da altura do modal conforme o conte\u00fado do iframe\n    window.addEventListener('message', function(event) {\n      if (event.origin !== window.location.origin) return;\n      if (event.data && event.data.type === 'iframeHeight') {\n        var newHeight = parseInt(event.data.height, 10);\n        if (newHeight && newHeight > 200) {\n          orcamentoIframe.style.height = newHeight + 'px';\n          orcamentoModal.style.height = 'auto';\n        }\n      }\n    });\n\n    \/\/ Limpa altura ao fechar\n    function resetIframeHeight() {\n      orcamentoIframe.style.height = '';\n      orcamentoModal.style.height = '';\n    }\n    orcamentoClose.addEventListener('click', resetIframeHeight);\n    orcamentoLightbox.addEventListener('click', function(e) {\n      if (e.target === orcamentoLightbox) resetIframeHeight();\n    });\n    document.addEventListener('keydown', function(e) {\n      if (orcamentoLightbox.classList.contains('open') && e.key === \"Escape\") resetIframeHeight();\n    });\n  }\n});\n<\/script>\t\t\t\t\t\t\t\t<\/div>\n\t\t\t\t<\/div>\n\t\t\t\t\t<\/div>\n\t\t\t\t<\/div>\n\t\t\t\t<\/div>\n\t\t","protected":false},"excerpt":{"rendered":"<p>Tirantes Autoperfurantes TOR-AP Os Tirantes Autoperfurantes TOR-AP s\u00e3o tubos de a\u00e7o roscados e resistentes \u00e0 tra\u00e7\u00e3o, usados em funda\u00e7\u00f5es de ancoragens em rochas, solos com rocha e elementos enterrados de torres estaiadas. Sua geometria permite perfura\u00e7\u00e3o e inje\u00e7\u00e3o simult\u00e2neas, utilizando a pr\u00f3pria barra como ferramenta de perfura\u00e7\u00e3o e condu\u00e7\u00e3o do aglutinante. O conjunto de hastes [&hellip;]<\/p>\n","protected":false},"author":1,"featured_media":0,"parent":0,"menu_order":0,"comment_status":"closed","ping_status":"closed","template":"","meta":{"om_disable_all_campaigns":false,"footnotes":""},"class_list":["post-874","page","type-page","status-publish","hentry"],"aioseo_notices":[],"_links":{"self":[{"href":"https:\/\/torcisao.ind.br\/pt_br\/wp-json\/wp\/v2\/pages\/874","targetHints":{"allow":["GET"]}}],"collection":[{"href":"https:\/\/torcisao.ind.br\/pt_br\/wp-json\/wp\/v2\/pages"}],"about":[{"href":"https:\/\/torcisao.ind.br\/pt_br\/wp-json\/wp\/v2\/types\/page"}],"author":[{"embeddable":true,"href":"https:\/\/torcisao.ind.br\/pt_br\/wp-json\/wp\/v2\/users\/1"}],"replies":[{"embeddable":true,"href":"https:\/\/torcisao.ind.br\/pt_br\/wp-json\/wp\/v2\/comments?post=874"}],"version-history":[{"count":22,"href":"https:\/\/torcisao.ind.br\/pt_br\/wp-json\/wp\/v2\/pages\/874\/revisions"}],"predecessor-version":[{"id":3037,"href":"https:\/\/torcisao.ind.br\/pt_br\/wp-json\/wp\/v2\/pages\/874\/revisions\/3037"}],"wp:attachment":[{"href":"https:\/\/torcisao.ind.br\/pt_br\/wp-json\/wp\/v2\/media?parent=874"}],"curies":[{"name":"wp","href":"https:\/\/api.w.org\/{rel}","templated":true}]}}