{"id":737,"date":"2024-11-05T11:29:12","date_gmt":"2024-11-05T14:29:12","guid":{"rendered":"http:\/\/industrialtor1.hospedagemdesites.ws\/?page_id=737"},"modified":"2025-06-09T16:28:18","modified_gmt":"2025-06-09T19:28:18","slug":"energia","status":"publish","type":"page","link":"https:\/\/torcisao.ind.br\/pt_br\/energia\/","title":{"rendered":"energia"},"content":{"rendered":"\t\t<div data-elementor-type=\"wp-page\" data-elementor-id=\"737\" class=\"elementor elementor-737\" data-elementor-post-type=\"page\">\n\t\t\t\t<div class=\"elementor-element elementor-element-32f6af9 e-flex e-con-boxed e-con e-parent\" data-id=\"32f6af9\" data-element_type=\"container\">\n\t\t\t\t\t<div class=\"e-con-inner\">\n\t\t\t\t<div class=\"elementor-element elementor-element-5ce4cd2 elementor-widget elementor-widget-text-editor\" data-id=\"5ce4cd2\" data-element_type=\"widget\" data-widget_type=\"text-editor.default\">\n\t\t\t\t<div class=\"elementor-widget-container\">\n\t\t\t\t\t\t\t\t\t<link href=\"https:\/\/fonts.googleapis.com\/css?family=Montserrat:400,700&#038;display=swap\" rel=\"stylesheet\">\n<style>\n.energia-cards-grid {\n    display: grid;\n    grid-template-columns: repeat(3, 1fr);\n    gap: 32px;\n    max-width: 1200px;\n    margin: 0 auto 40px auto;\n    padding: 0 10px;\n}\n.energia-card {\n    background: #fff;\n    border-radius: 18px;\n    box-shadow: 0 4px 24px rgba(204,0,0,0.08);\n    border: none;\n    display: flex;\n    flex-direction: column;\n    align-items: center;\n    padding: 28px 18px 24px 18px;\n    position: relative;\n    transition: box-shadow 0.3s, transform 0.3s;\n    overflow: hidden;\n    font-family: 'Montserrat', Arial, Helvetica, sans-serif;\n}\n.energia-card::before {\n    display: none !important;\n    content: none !important;\n}\n.energia-card:hover {\n    transform: translateY(-8px) scale(1.03);\n    border-color: transparent;\n    z-index: 2;\n}\n.energia-card img {\n    width: 220px;\n    max-width: 100%;\n    border-radius: 12px;\n    box-shadow: none;\n    margin-bottom: 18px;\n    background: #fff;\n    object-fit: cover;\n    transition: none;\n    z-index: 2;\n}\n.energia-card:hover img {\n    filter: none;\n}\n.energia-card h3 {\n    margin: 0 0 12px 0;\n    font-size: 1.18em;\n    color: #cc0000;\n    font-family: 'Montserrat', Arial, Helvetica, sans-serif;\n    text-align: center;\n}\n.energia-card h3 a {\n    color: #cc0000;\n    text-decoration: none;\n    transition: color 0.3s;\n}\n.energia-card p {\n    font-size: 1em;\n    color: #333;\n    margin-bottom: 18px;\n    line-height: 1.5;\n    text-align: center;\n    display: -webkit-box;\n    -webkit-line-clamp: 4; \/* Limita a 4 linhas *\/\n    -webkit-box-orient: vertical;\n    overflow: hidden;\n    text-overflow: ellipsis;\n    min-height: 5.5em; \/* Mant\u00e9m altura para cards alinhados *\/\n    max-height: 6em;\n}\n.energia-saiba-mais {\n    color: #fff;\n    background: #cc0000;\n    font-weight: bold;\n    text-decoration: none;\n    border-radius: 30px;\n    padding: 10px 32px;\n    font-size: 1em;\n    margin-top: auto;\n    box-shadow: 0 2px 12px rgba(204,0,0,0.13);\n    transition: background 0.25s, box-shadow 0.25s, transform 0.2s;\n    display: inline-block;\n    border: none;\n    cursor: pointer;\n    position: relative;\n    z-index: 2;\n}\n.energia-saiba-mais:hover, .energia-saiba-mais:focus {\n    background: #ff0033;\n    color: #fff;\n    box-shadow: 0 0 16px 2px #ff0033, 0 2px 12px rgba(204,0,0,0.18);\n    transform: scale(1.06);\n    text-decoration: none;\n}\n@media (max-width: 900px) {\n    .energia-cards-grid {\n        grid-template-columns: 1fr 1fr;\n    }\n}\n@media (max-width: 600px) {\n    .energia-cards-grid {\n        grid-template-columns: 1fr;\n    }\n    .energia-card img {\n        width: 100%;\n        max-width: 320px;\n    }\n}\n<\/style>\n\n<h2 style=\"color: #cc0000; font-size: 2.2em; margin-bottom: 36px; font-family: 'Montserrat', Arial, Helvetica, sans-serif; text-align:center;\">Energia<\/h2>\n<div class=\"energia-cards-grid\">\n    <div class=\"energia-card\">\n        <a href=\"\/microestaca-micropile-tor\">\n            <img decoding=\"async\" src=\"https:\/\/torcisao.ind.br\/wp-content\/uploads\/2024\/11\/Microestaca-MICROPILE-TOR.jpg\" alt=\"Microestaca MICROPILE-TOR\" title=\"Microestaca MICROPILE-TOR\" loading=\"lazy\" \/>\n        <\/a>\n        <h3><a href=\"\/microestaca-micropile-tor\">Microestaca MICROPILE-TOR<\/a><\/h3>\n        <p>\n            Microestaca MICROPILE-TOR s\u00e3o estacas moldadas no solo resultante da perfura\u00e7\u00e3o rotativa ou roto percussiva, com di\u00e2metro \u2264 200 mm. A Estaca \u00e9 armada com uma barra de a\u00e7o \u201cTOR\u201d e seu furo preenchido com calda de cimento de forma ascendente, conduzindo o material solto&#8230;\n        <\/p>\n        <a class=\"energia-saiba-mais\" href=\"\/microestaca-micropile-tor\">Saiba mais<\/a>\n    <\/div>\n    <div class=\"energia-card\">\n        <a href=\"\/hastes-de-ancoragem-tor-bm\">\n            <img decoding=\"async\" src=\"https:\/\/torcisao.ind.br\/wp-content\/uploads\/2024\/11\/Hastes-de-Ancoragem-TOR-BM.jpg\" alt=\"Hastes-de-Ancoragem-TOR-BM\" title=\"Hastes-de-Ancoragem-TOR-BM\" loading=\"lazy\" \/>\n        <\/a>\n        <h3><a href=\"\/hastes-de-ancoragem-tor-bm\">Hastes de Ancoragem TOR-BM<\/a><\/h3>\n        <p>\n            Hastes de Ancoragem s\u00e3o elementos roscados lineares utilizados para transmitir esfor\u00e7os de tra\u00e7\u00e3o em aplica\u00e7\u00f5es geot\u00e9cnicas e civis. O conjunto pode ser composto por placas de ancoragem , luvas de emenda para comprimentos acima de seis metros, porcas e contraporcas&#8230;.\n        <\/p>\n        <a class=\"energia-saiba-mais\" href=\"\/hastes-de-ancoragem-tor-bm\">Saiba mais<\/a>\n    <\/div>\n    <div class=\"energia-card\">\n        <a href=\"\/estacas-metalicas-helicoidais-helitor\">\n            <img decoding=\"async\" src=\"https:\/\/torcisao.ind.br\/wp-content\/uploads\/2024\/11\/Estacas-Metalicas-Helicoidais\u2013HELITOR.jpg\" alt=\"Estacas-Met\u00e1licas-Helicoidais\u2013HELITOR\" title=\"Estacas-Met\u00e1licas-Helicoidais\u2013HELITOR\" loading=\"lazy\" \/>\n        <\/a>\n        <h3><a href=\"\/estacas-metalicas-helicoidais-helitor\">Estacas Met\u00e1licas Helicoidais \u2013 HELITOR<\/a><\/h3>\n        <p>\n            As Estacas Met\u00e1licas Helicoidais \u2013 HELITOR consistem em uma haste met\u00e1lica em formato tubular, onde s\u00e3o soldadas uma ou mais h\u00e9lices de a\u00e7o. S\u00e3o instaladas no solo por aparafusamento, ou seja, introduzidas por rota\u00e7\u00e3o, aplicando-se torque \u00e0 haste. S\u00e3o utilizadas&#8230;\n        <\/p>\n        <a class=\"energia-saiba-mais\" href=\"\/estacas-metalicas-helicoidais-helitor\">Saiba mais<\/a>\n    <\/div>\n    <div class=\"energia-card\">\n        <a href=\"\/tirantes-autoperfurantes-tor-ape\">\n            <img decoding=\"async\" src=\"https:\/\/torcisao.ind.br\/wp-content\/uploads\/2024\/11\/Tirantes-Autoperfurantes-TOR-APE.jpg\" alt=\"Tirantes-Autoperfurantes-TOR-APE\" title=\"Tirantes-Autoperfurantes-TOR-APE\" loading=\"lazy\" \/>\n        <\/a>\n        <h3><a href=\"\/tirantes-autoperfurantes-tor-ape\">Tirantes Autoperfurantes TOR-APE<\/a><\/h3>\n        <p>\n            Os Tirantes Autoperfurantes TOR-APE s\u00e3o elementos tubulares roscados fabricados em a\u00e7o estrutural, resistente a tra\u00e7\u00e3o, utilizados para funda\u00e7\u00e3o dos estais em ancoragens em rochas, solo seguido de rocha e em elementos pr\u00e9-moldados enterrados das torres estaiadas. Sua&#8230;\n        <\/p>\n        <a class=\"energia-saiba-mais\" href=\"\/tirantes-autoperfurantes-tor-ape\">Saiba mais<\/a>\n    <\/div>\n<\/div>\t\t\t\t\t\t\t\t<\/div>\n\t\t\t\t<\/div>\n\t\t\t\t\t<\/div>\n\t\t\t\t<\/div>\n\t\t\t\t<\/div>\n\t\t","protected":false},"excerpt":{"rendered":"<p>Energia Microestaca MICROPILE-TOR Microestaca MICROPILE-TOR s\u00e3o estacas moldadas no solo resultante da perfura\u00e7\u00e3o rotativa ou roto percussiva, com di\u00e2metro \u2264 200 mm. A Estaca \u00e9 armada com uma barra de a\u00e7o \u201cTOR\u201d e seu furo preenchido com calda de cimento de forma ascendente, conduzindo o material solto&#8230; Saiba mais Hastes de Ancoragem TOR-BM Hastes de [&hellip;]<\/p>\n","protected":false},"author":1,"featured_media":0,"parent":0,"menu_order":0,"comment_status":"closed","ping_status":"closed","template":"","meta":{"om_disable_all_campaigns":false,"footnotes":""},"class_list":["post-737","page","type-page","status-publish","hentry"],"aioseo_notices":[],"_links":{"self":[{"href":"https:\/\/torcisao.ind.br\/pt_br\/wp-json\/wp\/v2\/pages\/737","targetHints":{"allow":["GET"]}}],"collection":[{"href":"https:\/\/torcisao.ind.br\/pt_br\/wp-json\/wp\/v2\/pages"}],"about":[{"href":"https:\/\/torcisao.ind.br\/pt_br\/wp-json\/wp\/v2\/types\/page"}],"author":[{"embeddable":true,"href":"https:\/\/torcisao.ind.br\/pt_br\/wp-json\/wp\/v2\/users\/1"}],"replies":[{"embeddable":true,"href":"https:\/\/torcisao.ind.br\/pt_br\/wp-json\/wp\/v2\/comments?post=737"}],"version-history":[{"count":59,"href":"https:\/\/torcisao.ind.br\/pt_br\/wp-json\/wp\/v2\/pages\/737\/revisions"}],"predecessor-version":[{"id":2911,"href":"https:\/\/torcisao.ind.br\/pt_br\/wp-json\/wp\/v2\/pages\/737\/revisions\/2911"}],"wp:attachment":[{"href":"https:\/\/torcisao.ind.br\/pt_br\/wp-json\/wp\/v2\/media?parent=737"}],"curies":[{"name":"wp","href":"https:\/\/api.w.org\/{rel}","templated":true}]}}