{"id":711,"date":"2024-11-05T10:17:56","date_gmt":"2024-11-05T13:17:56","guid":{"rendered":"http:\/\/industrialtor1.hospedagemdesites.ws\/?page_id=711"},"modified":"2026-01-29T08:11:06","modified_gmt":"2026-01-29T11:11:06","slug":"mineracao-tuneis","status":"publish","type":"page","link":"https:\/\/torcisao.ind.br\/pt_br\/mineracao-tuneis\/","title":{"rendered":"Minera\u00e7\u00e3o &#038; T\u00faneis"},"content":{"rendered":"\t\t<div data-elementor-type=\"wp-page\" data-elementor-id=\"711\" class=\"elementor elementor-711\" data-elementor-post-type=\"page\">\n\t\t\t\t<div class=\"elementor-element elementor-element-8427de4 e-flex e-con-boxed e-con e-parent\" data-id=\"8427de4\" data-element_type=\"container\">\n\t\t\t\t\t<div class=\"e-con-inner\">\n\t\t\t\t<div class=\"elementor-element elementor-element-5b857b2 elementor-widget elementor-widget-text-editor\" data-id=\"5b857b2\" data-element_type=\"widget\" data-widget_type=\"text-editor.default\">\n\t\t\t\t<div class=\"elementor-widget-container\">\n\t\t\t\t\t\t\t\t\t<!-- Exemplo para minera\u00e7\u00e3o, igual ao modelo de energia, com 3 cards por linha e bot\u00e3o \"Saiba mais\" com hover -->\n<!-- filepath: c:\\Users\\vini\\Documents\\site novo torcisao modelo de paginas vini\\mineracao.html -->\n<link href=\"https:\/\/fonts.googleapis.com\/css?family=Montserrat:400,700&#038;display=swap\" rel=\"stylesheet\">\n<style>\n.mineracao-cards-grid {\n    display: grid;\n    grid-template-columns: repeat(3, 1fr);\n    gap: 32px;\n    max-width: 1200px;\n    margin: 0 auto 40px auto;\n    padding: 0 10px;\n}\n.mineracao-card {\n    background: #fff;\n    border-radius: 18px;\n    box-shadow: 0 4px 24px rgba(204,0,0,0.08);\n    border: none;\n    display: flex;\n    flex-direction: column;\n    align-items: center;\n    padding: 28px 18px 24px 18px;\n    position: relative;\n    transition: box-shadow 0.3s, transform 0.3s;\n    overflow: hidden;\n    font-family: 'Montserrat', Arial, Helvetica, sans-serif;\n}\n.mineracao-card::before {\n    display: none !important;\n    content: none !important;\n}\n.mineracao-card:hover {\n    transform: translateY(-8px) scale(1.03);\n    border-color: transparent;\n    z-index: 2;\n}\n.mineracao-card img {\n    width: 220px;\n    height: 180px;\n    max-width: 100%;\n    border-radius: 12px;\n    box-shadow: 0 2px 10px rgba(0,0,0,0.1);\n    margin-bottom: 18px;\n    background: #fff;\n    object-fit: cover;\n    transition: none;\n    z-index: 2;\n}\n.mineracao-card:hover img {\n    filter: none;\n}\n.mineracao-card h3 {\n    margin: 0 0 12px 0;\n    font-size: 1.18em;\n    color: #cc0000;\n    font-family: 'Montserrat', Arial, Helvetica, sans-serif;\n    text-align: center;\n    min-height: 2.8em;\n    display: flex;\n    align-items: center;\n    justify-content: center;\n}\n.mineracao-card h3 a {\n    color: #cc0000;\n    text-decoration: none;\n    transition: color 0.3s;\n}\n.mineracao-card p {\n    font-size: 1em;\n    color: #333;\n    margin-bottom: 18px;\n    line-height: 1.5;\n    text-align: center;\n    display: -webkit-box;\n    -webkit-line-clamp: 4; \/* Limita a 4 linhas *\/\n    -webkit-box-orient: vertical;\n    overflow: hidden;\n    text-overflow: ellipsis;\n    min-height: 6em; \/* Mant\u00e9m altura para cards alinhados *\/\n    height: 6em;\n}\n.mineracao-saiba-mais {\n    color: #fff;\n    background: #cc0000;\n    font-weight: bold;\n    text-decoration: none;\n    border-radius: 30px;\n    padding: 10px 32px;\n    font-size: 1em;\n    margin-top: auto;\n    box-shadow: 0 2px 12px rgba(204,0,0,0.13);\n    transition: background 0.25s, box-shadow 0.25s, transform 0.2s;\n    display: inline-block;\n    border: none;\n    cursor: pointer;\n    position: relative;\n    z-index: 2;\n}\n.mineracao-saiba-mais:hover, .mineracao-saiba-mais:focus {\n    background: #ff0033;\n    color: #fff;\n    box-shadow: 0 0 16px 2px #ff0033, 0 2px 12px rgba(204,0,0,0.18);\n    transform: scale(1.06);\n    text-decoration: none;\n}\n@media (max-width: 900px) {\n    .mineracao-cards-grid {\n        grid-template-columns: 1fr 1fr;\n    }\n}\n@media (max-width: 600px) {\n    .mineracao-cards-grid {\n        grid-template-columns: 1fr;\n    }\n    .mineracao-card img {\n        width: 100%;\n        max-width: 320px;\n    }\n}\n<\/style>\n\n<h2 style=\"color: #cc0000; font-size: 2.2em; margin-bottom: 36px; font-family: 'Montserrat', Arial, Helvetica, sans-serif; text-align:center;\">Minera\u00e7\u00e3o e T\u00faneis<\/h2>\n<div class=\"mineracao-cards-grid\">\n    <div class=\"mineracao-card\">\n        <a href=\"\/tirantes-para-mineracao-e-tuneis-tor-tno\">\n            <img decoding=\"async\" src=\"\/wp-content\/uploads\/2025\/06\/tirante-tor-tn-scaled.jpg\" title=\"tirantes-para-minera\u00e7\u00e3o-e-tuneis-tor-tno\" alt=\"tirantes-para-minera\u00e7\u00e3o-e-tuneis-tor-tno\" loading=\"lazy\" \/>\n        <\/a>\n        <h3><a href=\"\/tirantes-para-mineracao-e-tuneis-tor-tno\">Tirantes para Minera\u00e7\u00e3o e T\u00faneis TOR-TNO<\/a><\/h3>\n        <p>\n            Tirantes para Minera\u00e7\u00e3o e T\u00faneis TOR-TNO s\u00e3o roscados e laminados a quente para suportar cargas de tra\u00e7\u00e3o e cisalhamento, contando com placa de ancoragem plana ou estampada, porca esf\u00e9rica que permite adapta\u00e7\u00e3o \u00e0s irregularidades da superf\u00edcie de instala\u00e7\u00e3o. Aplicados em obras subterr\u00e2neas, t\u00faneis e minera\u00e7\u00e3o.\n        <\/p>\n        <a class=\"mineracao-saiba-mais\" href=\"\/tirantes-para-mineracao-e-tuneis-tor-tno\">Saiba mais<\/a>\n    <\/div>\n    <div class=\"mineracao-card\">\n        <a href=\"\/tirantes-chumbadores-linha-tor-tn-2\">\n            <img decoding=\"async\" src=\"https:\/\/torcisao.ind.br\/wp-content\/uploads\/2024\/11\/DSC_0357-Recuperado-1080x675-1.jpg\" title=\"Tirantes Chumbadores Linha TOR-TN\" alt=\"Tirantes Chumbadores Linha TOR-TN\" loading=\"lazy\" \/>\n        <\/a>\n        <h3><a href=\"\/tirantes-chumbadores-linha-tor-tn-2\">Tirantes Chumbadores Linha TOR-TN<\/a><\/h3>\n        <p>\n            Os Tirantes Chumbadores da Linha TOR-TN possuem roscas laminadas a quente para suportar cargas de tra\u00e7\u00e3o e cisalhamento, com placa de ancoragem estampada e porca esf\u00e9rica para adapta\u00e7\u00e3o \u00e0s irregularidades da superf\u00edcie de instala\u00e7\u00e3o. Ideais para solo grampeado, t\u00faneis e refor\u00e7o de maci\u00e7os rochosos.\n        <\/p>\n        <a class=\"mineracao-saiba-mais\" href=\"\/tirantes-chumbadores-linha-tor-tn-2\">Saiba mais<\/a>\n    <\/div>\n    <div class=\"mineracao-card\">\n        <a href=\"\/conjuntos-montados-para-mineracao\/\">\n            <img decoding=\"async\" src=\"https:\/\/torcisao.ind.br\/wp-content\/uploads\/2026\/01\/conjunto-montados.png\" title=\"Conjuntos Montados TOR-TN e TOR-TNO\" alt=\"Conjuntos Montados com Chapa Abaulada e Porca Esf\u00e9rica\" loading=\"lazy\" \/>\n        <\/a>\n        <h3><a href=\"\/conjuntos-montados-para-mineracao\/\">Conjuntos Montados<\/a><\/h3>\n        <p>\n            Sistemas completos de ancoragem com chapa abaulada em a\u00e7o carbono e porca esf\u00e9rica fundida em Ferro Fundido Nodular GGG 40. Adaptam-se a superf\u00edcies planas e irregulares, garantindo m\u00e1xima resist\u00eancia e efici\u00eancia em aplica\u00e7\u00f5es de minera\u00e7\u00e3o e t\u00faneis.\n        <\/p>\n        <a class=\"mineracao-saiba-mais\" href=\"\/conjuntos-montados-para-mineracao\/\">Saiba mais<\/a>\n    <\/div>\n    <div class=\"mineracao-card\">\n        <a href=\"\/resina-torfix\/\">\n            <img decoding=\"async\" src=\"https:\/\/torcisao.ind.br\/wp-content\/uploads\/2026\/01\/Captura-de-tela-2026-01-28-083352.png\" title=\"Resina TORFIX para Minera\u00e7\u00e3o\" alt=\"Resina TORFIX para ancoragem em minera\u00e7\u00e3o e t\u00faneis\" loading=\"lazy\" \/>\n        <\/a>\n        <h3><a href=\"\/resina-torfix\/\">Resina TORFIX<\/a><\/h3>\n        <p>\n            Resinas de alta performance para ancoragem e fixa\u00e7\u00e3o de chumbadores em rochas. Com elevada resist\u00eancia mec\u00e2nica e excelente ader\u00eancia aos materiais geol\u00f3gicos, s\u00e3o ideais para frentes de lavra, t\u00faneis e galerias.\n        <\/p>\n        <a class=\"mineracao-saiba-mais\" href=\"\/resina-torfix\/\">Saiba mais<\/a>\n    <\/div>\n    <div class=\"mineracao-card\">\n        <a href=\"\/telas-eletrosoldadas\/\">\n            <img decoding=\"async\" src=\"https:\/\/torcisao.ind.br\/wp-content\/uploads\/2026\/01\/Captura-de-tela-2026-01-28-132706.png\" title=\"Telas Eletrosoldadas e Refor\u00e7adas\" alt=\"Telas Eletrosoldadas para Minera\u00e7\u00e3o e T\u00faneis\" loading=\"lazy\" \/>\n        <\/a>\n        <h3><a href=\"\/telas-eletrosoldadas\/\">Telas Eletrosoldadas e Refor\u00e7adas<\/a><\/h3>\n        <p>\n            Telas eletrosoldadas em a\u00e7o CA60 com refor\u00e7o MIG\/MAG para maior resist\u00eancia estrutural. Fabricadas conforme NBR 7481, garantem seguran\u00e7a e produtividade em galerias, t\u00faneis e aplica\u00e7\u00f5es de minera\u00e7\u00e3o.\n        <\/p>\n        <a class=\"mineracao-saiba-mais\" href=\"\/telas-eletrosoldadas\/\">Saiba mais<\/a>\n    <\/div>\n<\/div>\t\t\t\t\t\t\t\t<\/div>\n\t\t\t\t<\/div>\n\t\t\t\t\t<\/div>\n\t\t\t\t<\/div>\n\t\t\t\t<\/div>\n\t\t","protected":false},"excerpt":{"rendered":"<p>Minera\u00e7\u00e3o e T\u00faneis Tirantes para Minera\u00e7\u00e3o e T\u00faneis TOR-TNO Tirantes para Minera\u00e7\u00e3o e T\u00faneis TOR-TNO s\u00e3o roscados e laminados a quente para suportar cargas de tra\u00e7\u00e3o e cisalhamento, contando com placa de ancoragem plana ou estampada, porca esf\u00e9rica que permite adapta\u00e7\u00e3o \u00e0s irregularidades da superf\u00edcie de instala\u00e7\u00e3o. Aplicados em obras subterr\u00e2neas, t\u00faneis e minera\u00e7\u00e3o. Saiba [&hellip;]<\/p>\n","protected":false},"author":1,"featured_media":0,"parent":0,"menu_order":0,"comment_status":"closed","ping_status":"closed","template":"","meta":{"om_disable_all_campaigns":false,"footnotes":""},"class_list":["post-711","page","type-page","status-publish","hentry"],"aioseo_notices":[],"_links":{"self":[{"href":"https:\/\/torcisao.ind.br\/pt_br\/wp-json\/wp\/v2\/pages\/711","targetHints":{"allow":["GET"]}}],"collection":[{"href":"https:\/\/torcisao.ind.br\/pt_br\/wp-json\/wp\/v2\/pages"}],"about":[{"href":"https:\/\/torcisao.ind.br\/pt_br\/wp-json\/wp\/v2\/types\/page"}],"author":[{"embeddable":true,"href":"https:\/\/torcisao.ind.br\/pt_br\/wp-json\/wp\/v2\/users\/1"}],"replies":[{"embeddable":true,"href":"https:\/\/torcisao.ind.br\/pt_br\/wp-json\/wp\/v2\/comments?post=711"}],"version-history":[{"count":61,"href":"https:\/\/torcisao.ind.br\/pt_br\/wp-json\/wp\/v2\/pages\/711\/revisions"}],"predecessor-version":[{"id":3431,"href":"https:\/\/torcisao.ind.br\/pt_br\/wp-json\/wp\/v2\/pages\/711\/revisions\/3431"}],"wp:attachment":[{"href":"https:\/\/torcisao.ind.br\/pt_br\/wp-json\/wp\/v2\/media?parent=711"}],"curies":[{"name":"wp","href":"https:\/\/api.w.org\/{rel}","templated":true}]}}