{"id":928,"date":"2024-11-06T11:36:30","date_gmt":"2024-11-06T14:36:30","guid":{"rendered":"http:\/\/industrialtor1.hospedagemdesites.ws\/?page_id=928"},"modified":"2025-06-10T10:21:44","modified_gmt":"2025-06-10T13:21:44","slug":"sistema-de-presilhas","status":"publish","type":"page","link":"https:\/\/torcisao.ind.br\/en\/sistema-de-presilhas\/","title":{"rendered":"Sistema de Presilhas"},"content":{"rendered":"<div data-elementor-type=\"wp-page\" data-elementor-id=\"928\" class=\"elementor elementor-928\" data-elementor-post-type=\"page\">\n\t\t\t\t<div class=\"elementor-element elementor-element-2149587 e-flex e-con-boxed e-con e-parent\" data-id=\"2149587\" data-element_type=\"container\">\n\t\t\t\t\t<div class=\"e-con-inner\">\n\t\t\t\t<div class=\"elementor-element elementor-element-9755a91 elementor-widget elementor-widget-text-editor\" data-id=\"9755a91\" data-element_type=\"widget\" data-widget_type=\"text-editor.default\">\n\t\t\t\t<div class=\"elementor-widget-container\">\n\t\t\t\t\t\t\t\t\t<!-- Fonte Montserrat do Google Fonts -->\n<link href=\"https:\/\/fonts.googleapis.com\/css?family=Montserrat:400,700&#038;display=swap\" rel=\"stylesheet\">\n\n<style>\n  body {\n    background: #f8f9fa;\n    font-family: 'Montserrat', Arial, sans-serif;\n    margin: 0;\n    color: #222;\n    min-height: 100vh;\n  }\n  .pce-container {\n    max-width: 1100px;\n    margin: 0 auto;\n    padding: 40px 16px 60px 16px;\n    display: flex;\n    flex-direction: column;\n    gap: 40px;\n  }\n  .pce-section {\n    background: #fff;\n    border-radius: 16px;\n    box-shadow: 0 4px 24px rgba(0,0,0,0.07);\n    padding: 48px 40px 36px 40px;\n    margin-bottom: 40px;\n    transition: box-shadow 0.2s, background 0.2s;\n    box-sizing: border-box;\n  }\n  .pce-section:last-child {\n    background: #f3f3f3;\n    color: #222;\n    box-shadow: none;\n    padding: 50px 20px;\n    margin-bottom: 0;\n  }\n  .pce-section h1, .pce-section h2, .pce-section h3 {\n    font-family: 'Montserrat', Arial, sans-serif;\n  }\n  .pce-section h1 {\n    color: #cc0000;\n    font-size: 2.5em;\n    margin-bottom: 20px;\n    font-weight: bold;\n  }\n  .pce-section h2 {\n    color: #222;\n    margin-bottom: 25px;\n    font-size: 2em;\n    font-weight: bold;\n  }\n  .pce-section h3 {\n    color: #cc0000;\n    font-size: 1.2em;\n    margin-bottom: 10px;\n    font-weight: bold;\n  }\n  .pce-section ul {\n    list-style: none;\n    padding: 0;\n    margin: 0;\n  }\n  .pce-section li {\n    margin-bottom: 8px;\n    font-size: 1.05em;\n  }\n  .pce-section img {\n    width: 100%;\n    border-radius: 8px;\n    box-shadow: 0 4px 15px rgba(0,0,0,0.1);\n    margin-bottom: 0;\n    transition: box-shadow 0.2s;\n  }\n  @media (max-width: 900px) {\n    .pce-section {\n      padding: 24px 2vw;\n    }\n    .pce-section > div[style*=\"grid-template-columns\"] {\n      grid-template-columns: 1fr !important;\n      gap: 24px !important;\n    }\n  }\n  @media (max-width: 700px) {\n    .pce-container {\n      padding: 10px 0 30px 0;\n    }\n    .pce-section {\n      padding: 14px 4vw;\n      border-radius: 10px;\n      margin-bottom: 24px;\n    }\n    .pce-section h1 {\n      font-size: 1.3em;\n    }\n    .pce-section h2 {\n      font-size: 1.1em;\n    }\n    .pce-section h3 {\n      font-size: 1em;\n    }\n    .pce-section ul, .pce-section li {\n      font-size: 1em;\n    }\n    .pce-section img {\n      border-radius: 6px;\n    }\n    .pce-section > div[style*=\"grid-template-columns\"] {\n      grid-template-columns: 1fr !important;\n      gap: 14px !important;\n    }\n  }\n\n  \/* Lightbox or\u00e7amento *\/\n  #orcamento-lightbox {\n    opacity: 0;\n    pointer-events: none;\n    transition: opacity 0.28s cubic-bezier(.4,0,.2,1);\n    display: flex;\n    position: fixed;\n    z-index: 99999;\n    top: 0; left: 0; width: 100vw; height: 100vh;\n    background: rgba(0,0,0,0.85);\n    align-items: center;\n    justify-content: center;\n  }\n  #orcamento-lightbox.open {\n    opacity: 1;\n    pointer-events: auto;\n  }\n  .orcamento-modal {\n    background: #fff;\n    border-radius: 16px;\n    box-shadow: 0 8px 32px rgba(0,0,0,0.18);\n    max-width: 98vw;\n    width: 420px;\n    padding: 0 0 32px 0;\n    position: relative;\n    display: flex;\n    flex-direction: column;\n    align-items: stretch;\n    transition: max-width 0.28s cubic-bezier(.4,0,.2,1), width 0.28s cubic-bezier(.4,0,.2,1), height 0.28s cubic-bezier(.4,0,.2,1);\n  }\n  #orcamento-lightbox-iframe {\n    border: none;\n    width: 100%;\n    min-height: 340px;\n    border-radius: 0 0 16px 16px;\n    background: #fff;\n    display: block;\n    transition: min-height 0.28s cubic-bezier(.4,0,.2,1);\n  }\n  @media (max-width: 600px) {\n    .orcamento-modal {\n      width: 98vw;\n      min-width: 0;\n      max-width: 100vw;\n      padding: 0 0 16px 0;\n    }\n    #orcamento-lightbox-iframe {\n      min-height: 220px;\n      border-radius: 0 0 12px 12px;\n    }\n  }\n\n  \/* Responsividade igual cruzeta *\/\n  @media (max-width: 900px) {\n    .pce-section {\n      padding: 24px 2vw;\n    }\n    .pce-section > div[style*=\"grid-template-columns\"] {\n      grid-template-columns: 1fr !important;\n      gap: 24px !important;\n    }\n  }\n  @media (max-width: 700px) {\n    .pce-container {\n      padding: 10px 0 30px 0;\n    }\n    .pce-section {\n      padding: 14px 4vw;\n      border-radius: 10px;\n      margin-bottom: 24px;\n    }\n    .pce-section h1 {\n      font-size: 1.3em;\n    }\n    .pce-section h2 {\n      font-size: 1.1em;\n    }\n    .pce-section h3 {\n      font-size: 1em;\n    }\n    .pce-section ul, .pce-section li {\n      font-size: 1em;\n    }\n    .pce-section img {\n      border-radius: 6px;\n    }\n    .pce-section > div[style*=\"grid-template-columns\"] {\n      grid-template-columns: 1fr !important;\n      gap: 14px !important;\n    }\n  }\n\n  \/* Lightbox imagem produto *\/\n  #img-lightbox {\n    display: none;\n    position: fixed;\n    z-index: 100000;\n    top: 0;\n    left: 0;\n    width: 100vw;\n    height: 100vh;\n    background: rgba(0,0,0,0.92);\n    align-items: center;\n    justify-content: center;\n  }\n  #img-lightbox.open {\n    display: flex;\n  }\n  #img-lightbox img {\n    max-width: 90vw;\n    max-height: 90vh;\n    border-radius: 12px;\n    box-shadow: 0 8px 32px rgba(0,0,0,0.25);\n    display: block;\n    margin: auto;\n  }\n<\/style>\n\n<div class=\"pce-container\">\n\n  <!-- Se\u00e7\u00e3o Hero -->\n  <section class=\"pce-section\">\n    <div style=\"display: grid; grid-template-columns: 1fr 1fr; gap: 40px; align-items: center;\">\n      <div>\n        <h1 style=\"color: #cc0000; font-size: 2.5em; margin-bottom: 20px;\">Clamps<\/h1>\n        <p style=\"font-size: 1.1em;\">\n        The clamp system is used to embrace the wood batten of the beam's side forms, pressing it against the bottom and ensuring a perfect seal. It is composed of two clamps that move linearly along the tie rod. It is a practical and easy-to-use system\u2026\n        <\/p>\n      <\/div>\n      <div style=\"text-align:center;\">\n        <img decoding=\"async\" style=\"width: 100%; border-radius: 8px; box-shadow: 0 4px 15px rgba(0,0,0,0.1);\" src=\"https:\/\/torcisao.ind.br\/wp-content\/uploads\/2024\/11\/presilhas.png\" alt=\"Sistema de presilhas para formas\" \/>\n        <div style=\"margin-top:28px;\">\n          <a id=\"btn-orcamento\" class=\"cta-btn orcamento-btn-produto\"\n             style=\"display:inline-block; background:linear-gradient(90deg,#cc0000 60%,#ff0033 100%); color:#fff; padding:15px 50px; border-radius:30px; text-decoration:none; font-weight:bold; font-size:1.1em; box-shadow:0 4px 15px rgba(0,0,0,0.13); transition:background 0.2s,transform 0.2s,box-shadow 0.2s; letter-spacing:1px; border:none; cursor:pointer;\"\n             href=\"#\">\n            GET A QUOTE\n          <\/a>\n        <\/div>\n      <\/div>\n    <\/div>\n  <\/section>\n\n  <!-- Se\u00e7\u00e3o T\u00e9cnica -->\n  <section class=\"pce-section\" style=\"background: #f8f9fa;\">\n    <h2 style=\"color: #222; border-left: 4px solid #cc0000; padding-left: 15px;\">Operation<\/h2>\n    <div style=\"display: grid; grid-template-columns: 1fr 1fr; gap: 40px; margin-top: 30px;\">\n      <div>\n        <p style=\"font-size: 1.1em;\">Main Components:<\/p>\n        <ul>\n          <li style=\"margin: 15px 0; padding: 15px; background: #fff; border-radius: 6px;\">\u2705 Double-fastening clamps<\/li>\n          <li style=\"margin: 15px 0; padding: 15px; background: #fff; border-radius: 6px;\">\u2705 Adjustable tie rod<\/li>\n          <li style=\"margin: 15px 0; padding: 15px; background: #fff; border-radius: 6px;\">\u2705 Quick locking system<\/li>\n        <\/ul>\n      <\/div>\n      <div>\n        <h3 style=\"color: #cc0000; margin-top: 0;\">Main Benefits<\/h3>\n        <ul>\n          <li style=\"margin-bottom: 15px;\">\ud83d\udccf Eliminates concrete leakage<\/li>\n          <li style=\"margin-bottom: 15px;\">\ud83d\udee0\ufe0f Adaptable to different dimensions<\/li>\n        <\/ul>\n      <\/div>\n    <\/div>\n  <\/section>\n\n  <!-- Se\u00e7\u00e3o Vantagens -->\n  <section class=\"pce-section\">\n    <h2 style=\"color: #222; text-align: center; margin-bottom: 40px;\">Exclusive Advantages<\/h2>\n    <div style=\"display: grid; grid-template-columns: repeat(auto-fit, minmax(250px, 1fr)); gap: 25px;\">\n      <div style=\"padding: 25px; text-align: center; border: 1px solid #eee; border-radius: 8px;\">\n        <div style=\"font-size: 2.5em; color: #cc0000;\">\ud83d\udd04<\/div>\n        <h3>\n            <br>\n          <span style=\"color: #cc0000;\">\ud83d\udd27 Versatility<\/span>\n          <br>\n          <span style=\"color: #7a7a7a; font-family: Roboto, sans-serif; font-size: 15px;\">Continuous linear adjustment<\/span>\n        <\/h3>\n      <\/div>\n      <div style=\"padding: 25px; text-align: center; border: 1px solid #eee; border-radius: 8px;\">\n        <div style=\"font-size: 2.5em; color: #cc0000;\">\ud83d\udee1\ufe0f<\/div>\n        <h3>\n            <br>\n          <span style=\"color: #cc0000;\">Safety<\/span>\n          <br>\n          <span style=\"color: #7a7a7a; font-family: Roboto, sans-serif; font-size: 15px;\">Fastening without damaging the formwork<\/span>\n        <\/h3>\n      <\/div>\n      <div style=\"padding: 25px; text-align: center; border: 1px solid #eee; border-radius: 8px;\">\n        <div style=\"font-size: 2.5em; color: #cc0000;\">\ud83d\udcb0<\/div>\n        <h3>\n            <br>\n          <span style=\"color: #cc0000;\">Economy<\/span>\n          <br>\n          <span style=\"color: #7a7a7a; font-family: Roboto, sans-serif; font-size: 15px;\">Eliminates consumables<\/span>\n        <\/h3>\n      <\/div>\n    <\/div>\n  <\/section>\n<\/div>\n\n<!-- Lightbox or\u00e7amento -->\n<div id=\"orcamento-lightbox\">\n  <div class=\"orcamento-modal\">\n    <div class=\"orcamento-modal-header\" style=\"background:#cc0000;color:#fff;border-radius:16px 16px 0 0;padding:22px 32px 18px 32px;font-size:1.25em;font-weight:bold;letter-spacing:1px;display:flex;align-items:center;justify-content:space-between;\">\n      Request a Quote\n      <button id=\"orcamento-lightbox-close\" title=\"Fechar\" aria-label=\"Fechar modal\" style=\"color:#fff;font-size:2.2em;font-weight:bold;cursor:pointer;background:none;border:none;margin-left:18px;line-height:1;transition:color 0.2s;\">&times;<\/button>\n    <\/div>\n    <iframe id=\"orcamento-lightbox-iframe\" src=\"\" allowfullscreen style=\"border:none;width:100%;min-height:340px;border-radius:0 0 16px 16px;background:#fff;display:block;\"><\/iframe>\n  <\/div>\n<\/div>\n\n<!-- Lightbox da imagem do produto -->\n<div id=\"img-lightbox\">\n  <span id=\"img-lightbox-close\" style=\"position:absolute;top:24px;right:40px;font-size:3em;color:#fff;cursor:pointer;font-weight:bold;z-index:2;\">&times;<\/span>\n  <img decoding=\"async\" id=\"img-lightbox-img\" src=\"\" alt=\"Visualiza\u00e7\u00e3o ampliada\" style=\"max-width:90vw;max-height:90vh;border-radius:12px;box-shadow:0 8px 32px rgba(0,0,0,0.25);display:block;margin:auto;\">\n<\/div>\n\n<script>\ndocument.addEventListener(\"DOMContentLoaded\", function() {\n  \/\/ Adiciona id na imagem do produto para lightbox\n  var heroSection = document.querySelector('.pce-section');\n  var heroImg = heroSection.querySelector('img');\n  if (heroImg) {\n    heroImg.id = \"produto-img\";\n    heroImg.style.cursor = \"pointer\";\n  }\n\n  \/\/ Lightbox da imagem do produto\n  var img = document.getElementById('produto-img');\n  var imgLightbox = document.getElementById('img-lightbox');\n  var imgLightboxImg = document.getElementById('img-lightbox-img');\n  var imgLightboxClose = document.getElementById('img-lightbox-close');\n  if (img && imgLightbox && imgLightboxImg && imgLightboxClose) {\n    img.addEventListener('click', function() {\n      imgLightboxImg.src = img.src;\n      imgLightbox.classList.add('open');\n      document.body.style.overflow = 'hidden';\n    });\n    imgLightboxClose.addEventListener('click', function() {\n      imgLightbox.classList.remove('open');\n      setTimeout(() => { imgLightboxImg.src = ''; document.body.style.overflow = ''; }, 280);\n    });\n    imgLightbox.addEventListener('click', function(e) {\n      if (e.target === imgLightbox) {\n        imgLightbox.classList.remove('open');\n        setTimeout(() => { imgLightboxImg.src = ''; document.body.style.overflow = ''; }, 280);\n      }\n    });\n    document.addEventListener('keydown', function(e) {\n      if (imgLightbox.classList.contains('open') && e.key === \"Escape\") {\n        imgLightbox.classList.remove('open');\n        setTimeout(() => { imgLightboxImg.src = ''; document.body.style.overflow = ''; }, 280);\n      }\n    });\n  }\n\n  \/\/ Lightbox or\u00e7amento igual cruzeta\n  var orcamentoBtn = document.getElementById('btn-orcamento');\n  var orcamentoLightbox = document.getElementById('orcamento-lightbox');\n  var orcamentoIframe = document.getElementById('orcamento-lightbox-iframe');\n  var orcamentoClose = document.getElementById('orcamento-lightbox-close');\n  var orcamentoModal = document.querySelector('.orcamento-modal');\n  if (orcamentoBtn && orcamentoLightbox && orcamentoIframe && orcamentoClose && orcamentoModal) {\n    orcamentoBtn.addEventListener('click', function(e) {\n      e.preventDefault();\n      orcamentoLightbox.classList.add('open');\n      orcamentoIframe.src = '\/orcamento-conteudo.php';\n      document.body.style.overflow = 'hidden';\n    });\n    orcamentoClose.onclick = function() {\n      orcamentoLightbox.classList.remove('open');\n      setTimeout(() => { orcamentoIframe.src = ''; document.body.style.overflow = ''; }, 280);\n    };\n    orcamentoLightbox.onclick = function(e) {\n      if (e.target === orcamentoLightbox) {\n        orcamentoLightbox.classList.remove('open');\n        setTimeout(() => { orcamentoIframe.src = ''; document.body.style.overflow = ''; }, 280);\n      }\n    };\n    document.addEventListener('keydown', function(e) {\n      if (orcamentoLightbox.classList.contains('open') && e.key === \"Escape\") {\n        orcamentoLightbox.classList.remove('open');\n        setTimeout(() => { orcamentoIframe.src = ''; document.body.style.overflow = ''; }, 280);\n      }\n    });\n\n    \/\/ Ajuste din\u00e2mico da altura do modal conforme o conte\u00fado do iframe\n    window.addEventListener('message', function(event) {\n      if (event.origin !== window.location.origin) return;\n      if (event.data && event.data.type === 'iframeHeight') {\n        var newHeight = parseInt(event.data.height, 10);\n        if (newHeight && newHeight > 200) {\n          orcamentoIframe.style.height = newHeight + 'px';\n          orcamentoModal.style.height = 'auto';\n        }\n      }\n    });\n\n    \/\/ Limpa altura ao fechar\n    function resetIframeHeight() {\n      orcamentoIframe.style.height = '';\n      orcamentoModal.style.height = '';\n    }\n    orcamentoClose.addEventListener('click', resetIframeHeight);\n    orcamentoLightbox.addEventListener('click', function(e) {\n      if (e.target === orcamentoLightbox) resetIframeHeight();\n    });\n    document.addEventListener('keydown', function(e) {\n      if (orcamentoLightbox.classList.contains('open') && e.key === \"Escape\") resetIframeHeight();\n    });\n  }\n});\n<\/script>\t\t\t\t\t\t\t\t<\/div>\n\t\t\t\t<\/div>\n\t\t\t\t\t<\/div>\n\t\t\t\t<\/div>\n\t\t\t\t<\/div>","protected":false},"excerpt":{"rendered":"<p>Presilhas O sistema de presilhas \u00e9 utilizado para abra\u00e7ar o sarrafo das f\u00f4rmas laterais da viga, pressionando-o contra o fundo, proporcionando uma perfeita veda\u00e7\u00e3o. \u00c9 composto por duas presilhas que se deslocam linearmente na barra de ancoragem. \u00c9 um sistema pr\u00e1tico e de f\u00e1cil instala\u00e7\u00e3o, dispensando o uso de pregos ou parafusos na fixa\u00e7\u00e3o das [&hellip;]<\/p>","protected":false},"author":1,"featured_media":0,"parent":0,"menu_order":0,"comment_status":"closed","ping_status":"closed","template":"","meta":{"om_disable_all_campaigns":false,"footnotes":""},"class_list":["post-928","page","type-page","status-publish","hentry"],"aioseo_notices":[],"_links":{"self":[{"href":"https:\/\/torcisao.ind.br\/en\/wp-json\/wp\/v2\/pages\/928","targetHints":{"allow":["GET"]}}],"collection":[{"href":"https:\/\/torcisao.ind.br\/en\/wp-json\/wp\/v2\/pages"}],"about":[{"href":"https:\/\/torcisao.ind.br\/en\/wp-json\/wp\/v2\/types\/page"}],"author":[{"embeddable":true,"href":"https:\/\/torcisao.ind.br\/en\/wp-json\/wp\/v2\/users\/1"}],"replies":[{"embeddable":true,"href":"https:\/\/torcisao.ind.br\/en\/wp-json\/wp\/v2\/comments?post=928"}],"version-history":[{"count":34,"href":"https:\/\/torcisao.ind.br\/en\/wp-json\/wp\/v2\/pages\/928\/revisions"}],"predecessor-version":[{"id":2978,"href":"https:\/\/torcisao.ind.br\/en\/wp-json\/wp\/v2\/pages\/928\/revisions\/2978"}],"wp:attachment":[{"href":"https:\/\/torcisao.ind.br\/en\/wp-json\/wp\/v2\/media?parent=928"}],"curies":[{"name":"wp","href":"https:\/\/api.w.org\/{rel}","templated":true}]}}