{"id":3399,"date":"2026-01-28T13:09:29","date_gmt":"2026-01-28T16:09:29","guid":{"rendered":"https:\/\/torcisao.ind.br\/?page_id=3399"},"modified":"2026-01-29T08:08:26","modified_gmt":"2026-01-29T11:08:26","slug":"telas-eletrosoldadas-e-reforcadas","status":"publish","type":"page","link":"https:\/\/torcisao.ind.br\/en\/telas-eletrosoldadas-e-reforcadas\/","title":{"rendered":"Telas Eletrosoldadas e Refor\u00e7adas"},"content":{"rendered":"<div data-elementor-type=\"wp-page\" data-elementor-id=\"3399\" class=\"elementor elementor-3399\" data-elementor-post-type=\"page\">\n\t\t\t\t<div class=\"elementor-element elementor-element-54d58e4 e-flex e-con-boxed e-con e-parent\" data-id=\"54d58e4\" data-element_type=\"container\">\n\t\t\t\t\t<div class=\"e-con-inner\">\n\t\t\t\t<div class=\"elementor-element elementor-element-3f3bd8d elementor-widget elementor-widget-text-editor\" data-id=\"3f3bd8d\" data-element_type=\"widget\" data-widget_type=\"text-editor.default\">\n\t\t\t\t<div class=\"elementor-widget-container\">\n\t\t\t\t\t\t\t\t\t<!-- P\u00e1gina de Telas Eletrosoldadas e Refor\u00e7adas - Minera\u00e7\u00e3o -->\n<!-- filepath: c:\\Users\\vini\\Documents\\site novo torcisao modelo de paginas vini\\telas-eletrosoldadas.html -->\n<!DOCTYPE html>\n<html lang=\"pt-BR\">\n<head>\n    <meta charset=\"UTF-8\">\n    <meta name=\"viewport\" content=\"width=device-width, initial-scale=1.0\">\n    \n    <!-- SEO Meta Tags -->\n    <title>Telas Eletrosoldadas e Refor\u00e7adas para Minera\u00e7\u00e3o | A\u00e7o CA60 | Tor\u00e7\u00e3o<\/title>\n    <meta name=\"description\" content=\"Telas eletrosoldadas e refor\u00e7adas em a\u00e7o CA60 para minera\u00e7\u00e3o e t\u00faneis. Fabricadas conforme NBR 7481 com refor\u00e7o MIG\/MAG. Solicite or\u00e7amento!\">\n    <meta name=\"keywords\" content=\"telas eletrosoldadas, telas refor\u00e7adas, a\u00e7o CA60, tela soldada minera\u00e7\u00e3o, NBR 7481, malha de a\u00e7o, tela para t\u00faneis, armadura para concreto\">\n    <meta name=\"author\" content=\"Tor\u00e7\u00e3o\">\n    <meta name=\"robots\" content=\"index, follow\">\n    <link rel=\"canonical\" href=\"https:\/\/torcisao.ind.br\/telas-eletrosoldadas\/\">\n    \n    <!-- Open Graph \/ Facebook -->\n    <meta property=\"og:type\" content=\"product\">\n    <meta property=\"og:title\" content=\"Telas Eletrosoldadas e Refor\u00e7adas para Minera\u00e7\u00e3o | Tor\u00e7\u00e3o\">\n    <meta property=\"og:description\" content=\"Telas eletrosoldadas em a\u00e7o CA60 com refor\u00e7o MIG\/MAG para minera\u00e7\u00e3o e t\u00faneis. Fabricadas conforme NBR 7481.\">\n    <meta property=\"og:image\" content=\"https:\/\/torcisao.ind.br\/wp-content\/uploads\/2026\/01\/telas-eletrosoldadas.jpg\">\n    <meta property=\"og:url\" content=\"https:\/\/torcisao.ind.br\/telas-eletrosoldadas\/\">\n    <meta property=\"og:site_name\" content=\"Tor\u00e7\u00e3o\">\n    \n    <!-- Twitter -->\n    <meta name=\"twitter:card\" content=\"summary_large_image\">\n    <meta name=\"twitter:title\" content=\"Telas Eletrosoldadas e Refor\u00e7adas | Tor\u00e7\u00e3o\">\n    <meta name=\"twitter:description\" content=\"Telas eletrosoldadas em a\u00e7o CA60 com refor\u00e7o MIG\/MAG para minera\u00e7\u00e3o e t\u00faneis.\">\n    <meta name=\"twitter:image\" content=\"https:\/\/torcisao.ind.br\/wp-content\/uploads\/2026\/01\/telas-eletrosoldadas.jpg\">\n    \n    <!-- Schema.org JSON-LD -->\n    <script type=\"application\/ld+json\">\n    {\n        \"@context\": \"https:\/\/schema.org\/\",\n        \"@type\": \"Product\",\n        \"name\": \"Telas Eletrosoldadas e Refor\u00e7adas\",\n        \"image\": \"https:\/\/torcisao.ind.br\/wp-content\/uploads\/2026\/01\/telas-eletrosoldadas.jpg\",\n        \"description\": \"Telas eletrosoldadas em a\u00e7o CA60 para minera\u00e7\u00e3o e t\u00faneis, fabricadas conforme NBR 7481 com refor\u00e7o MIG\/MAG para maior resist\u00eancia estrutural.\",\n        \"brand\": {\n            \"@type\": \"Brand\",\n            \"name\": \"Tor\u00e7\u00e3o\"\n        },\n        \"manufacturer\": {\n            \"@type\": \"Organization\",\n            \"name\": \"Tor\u00e7\u00e3o\",\n            \"url\": \"https:\/\/torcisao.ind.br\"\n        },\n        \"category\": \"Telas para Minera\u00e7\u00e3o\",\n        \"offers\": {\n            \"@type\": \"Offer\",\n            \"url\": \"https:\/\/torcisao.ind.br\/telas-eletrosoldadas\/\",\n            \"priceCurrency\": \"BRL\",\n            \"availability\": \"https:\/\/schema.org\/InStock\"\n        }\n    }\n    <\/script>\n    \n    <link href=\"https:\/\/fonts.googleapis.com\/css?family=Montserrat:400,700&#038;display=swap\" rel=\"stylesheet\">\n<style>\n.telas-container {\n    max-width: 1100px;\n    margin: 0 auto;\n    padding: 0 20px;\n    font-family: 'Montserrat', Arial, Helvetica, sans-serif;\n}\n\n\/* T\u00edtulo principal *\/\n.telas-titulo {\n    background: #cc0000;\n    color: #fff;\n    font-size: 1.6em;\n    font-weight: bold;\n    padding: 14px 40px;\n    border-radius: 30px;\n    display: inline-block;\n    margin: 40px 0;\n    font-family: 'Montserrat', Arial, Helvetica, sans-serif;\n    line-height: 1;\n}\n\n\/* Container do t\u00edtulo para centraliza\u00e7\u00e3o *\/\n.telas-titulo-container {\n    text-align: center;\n    width: 100%;\n}\n\n\/* Descri\u00e7\u00e3o *\/\n.telas-descricao {\n    color: #333;\n    font-size: 1.05em;\n    line-height: 1.8;\n    text-align: justify;\n    margin-bottom: 40px;\n    max-width: 900px;\n    margin-left: auto;\n    margin-right: auto;\n}\n\n.telas-descricao p {\n    margin-bottom: 20px;\n}\n\n\/* Imagem do produto *\/\n.telas-imagem-container {\n    text-align: center;\n    margin: 40px 0;\n}\n\n.telas-imagem {\n    max-width: 100%;\n    width: 750px;\n    border-radius: 12px;\n    box-shadow: 0 4px 24px rgba(204,0,0,0.15);\n}\n\n\/* Tabela principal A\u00c7O CA 60 *\/\n.telas-tabela-container {\n    overflow-x: auto;\n    margin: 40px 0;\n    border-radius: 16px;\n    box-shadow: 0 4px 20px rgba(0,0,0,0.1);\n}\n\n.telas-tabela {\n    width: 100%;\n    border-collapse: collapse;\n    background: #fff;\n    font-size: 0.85em;\n    font-family: 'Montserrat', Arial, Helvetica, sans-serif;\n}\n\n.telas-tabela th.grupo-header {\n    background: #cc0000;\n    color: #fff;\n    font-weight: bold;\n    padding: 12px 10px;\n    text-align: center;\n    border: 1px solid #a30000;\n    vertical-align: middle;\n}\n\n.telas-tabela thead tr:first-child th:first-child {\n    border-top-left-radius: 16px;\n}\n\n.telas-tabela thead tr:first-child th:last-child {\n    border-top-right-radius: 16px;\n}\n\n.telas-tabela th.aco-header {\n    font-size: 1.5em;\n    font-weight: bold;\n    padding: 20px 15px;\n}\n\n.telas-tabela th.sub-header {\n    background: #cc0000;\n    font-size: 0.85em;\n    padding: 10px 8px;\n    font-weight: 600;\n}\n\n.telas-tabela td {\n    padding: 12px 10px;\n    text-align: center;\n    border: 1px solid #eee;\n    color: #333;\n    vertical-align: middle;\n}\n\n.telas-tabela tbody tr:last-child td:first-child {\n    border-bottom-left-radius: 16px;\n}\n\n.telas-tabela tbody tr:last-child td:last-child {\n    border-bottom-right-radius: 16px;\n}\n\n.telas-tabela tbody tr:nth-child(odd) {\n    background: #fff;\n}\n\n.telas-tabela tbody tr:nth-child(even) {\n    background: #fafafa;\n}\n\n.telas-tabela .serie-cell {\n    background: #f5f5f5 !important;\n    font-weight: bold;\n    color: #cc0000;\n    font-size: 1.1em;\n}\n\n.telas-tabela .peso-cell {\n    font-weight: bold;\n    color: #cc0000;\n}\n\n\/* Se\u00e7\u00e3o Refor\u00e7os *\/\n.telas-reforcos-titulo {\n    color: #cc0000;\n    font-size: 1.5em;\n    font-weight: bold;\n    font-style: italic;\n    margin: 50px 0 20px 0;\n    font-family: 'Montserrat', Arial, Helvetica, sans-serif;\n}\n\n.telas-reforcos-box {\n    background: #cc0000;\n    color: #fff;\n    padding: 25px 30px;\n    border-radius: 12px;\n    line-height: 1.7;\n    text-align: justify;\n    margin-bottom: 40px;\n}\n\n\/* Dimens\u00e3o destacada *\/\n.telas-dimensao {\n    text-align: center;\n    font-size: 2em;\n    font-weight: bold;\n    color: #333;\n    margin: 30px 0;\n    font-family: 'Montserrat', Arial, Helvetica, sans-serif;\n}\n\n\/* Imagem da malha *\/\n.telas-malha-container {\n    text-align: center;\n    margin: 30px 0;\n}\n\n.telas-malha-img {\n    max-width: 100%;\n    width: 700px;\n}\n\n\/* Observa\u00e7\u00e3o *\/\n.telas-obs {\n    text-align: center;\n    font-style: italic;\n    color: #333;\n    font-size: 1.1em;\n    margin: 30px 0;\n}\n\n\/* Bot\u00e3o CTA *\/\n.telas-cta-container {\n    text-align: center;\n    margin: 50px 0 20px 0;\n}\n\n.telas-cta-btn {\n    display: inline-block;\n    background: #cc0000;\n    color: #fff;\n    font-weight: bold;\n    font-size: 1.1em;\n    padding: 16px 50px;\n    border-radius: 30px;\n    text-decoration: none;\n    box-shadow: 0 4px 15px rgba(204,0,0,0.3);\n    transition: background 0.25s, transform 0.2s, box-shadow 0.25s;\n    font-family: 'Montserrat', Arial, Helvetica, sans-serif;\n}\n\n.telas-cta-btn:hover {\n    background: #ff0033;\n    transform: scale(1.05);\n    box-shadow: 0 0 20px 3px rgba(255,0,51,0.4);\n    color: #fff;\n    text-decoration: none;\n}\n\n\/* Responsivo *\/\n@media (max-width: 768px) {\n    .telas-titulo {\n        font-size: 1.4em;\n        padding: 10px 20px;\n    }\n    \n    .telas-tabela {\n        font-size: 0.7em;\n    }\n    \n    .telas-tabela th,\n    .telas-tabela td {\n        padding: 6px 4px;\n    }\n    \n    .telas-reforcos-titulo {\n        font-size: 1.2em;\n    }\n    \n    .telas-dimensao {\n        font-size: 1.5em;\n    }\n    \n    .telas-cta-btn {\n        padding: 14px 35px;\n        font-size: 1em;\n    }\n}\n<\/style>\n<\/head>\n<body>\n<main>\n<article class=\"telas-container\" itemscope itemtype=\"https:\/\/schema.org\/Product\">\n    <!-- T\u00edtulo Principal -->\n    <header class=\"telas-titulo-container\">\n        <h1 class=\"telas-titulo\" itemprop=\"name\">TELAS ELETROSOLDADAS E REFOR\u00c7ADAS<\/h1>\n    <\/header>\n    \n    <!-- Descri\u00e7\u00e3o do Produto -->\n    <section class=\"telas-descricao\" itemprop=\"description\">\n        <p>\n            A tela eletrosoldada \u00e9 produzida com tecnologia avan\u00e7ada, a partir de armaduras de a\u00e7o CA60. Sua composi\u00e7\u00e3o consiste em fios longitudinais e transversais, unidos nos pontos de cruzamento por soldagem el\u00e9trica, realizada por m\u00e1quinas de alta precis\u00e3o. Esse processo resulta em malhas padronizadas, com formato quadrado ou retangular, que garantem resist\u00eancia e uniformidade.\n        <\/p>\n        <p>\n            As telas eletrosoldadas s\u00e3o fabricadas conforme os requisitos da norma NBR 7481 \u2013 Tela de A\u00e7o Soldada \u2013 Armadura para Concreto.\n        <\/p>\n    <\/section>\n    \n    <!-- Tabela A\u00c7O CA 60 -->\n    <section class=\"telas-tabela-container\">\n        <table class=\"telas-tabela\">\n            <thead>\n                <tr>\n                    <th colspan=\"2\" class=\"grupo-header aco-header\">A\u00c7O CA 60<\/th>\n                    <th class=\"grupo-header\">Espa\u00e7amento<br>entre fios (cm)<\/th>\n                    <th class=\"grupo-header\">Di\u00e2metro<br>(mm)<\/th>\n                    <th class=\"grupo-header\">Se\u00e7\u00f5es<br>(cm\u00b2\/m)<\/th>\n                    <th class=\"grupo-header\">Dimens\u00f5es<br>(m)<\/th>\n                    <th colspan=\"2\" class=\"grupo-header\">Peso<\/th>\n                    <th colspan=\"2\" class=\"grupo-header\">Peso com<br>Refor\u00e7o<\/th>\n                    <th colspan=\"2\" class=\"grupo-header\">Peso com<br>Galv. fogo<\/th>\n                <\/tr>\n                <tr>\n                    <th class=\"grupo-header sub-header\">S\u00c9RIE<\/th>\n                    <th class=\"grupo-header sub-header\">DESIGNA\u00c7\u00c3O<\/th>\n                    <th class=\"grupo-header sub-header\">LONG x TRANSV.<\/th>\n                    <th class=\"grupo-header sub-header\">LONG x TRANSV.<\/th>\n                    <th class=\"grupo-header sub-header\">LONG x TRANSV.<\/th>\n                    <th class=\"grupo-header sub-header\">LARG x COMPR<\/th>\n                    <th class=\"grupo-header sub-header\">Kg\/m\u00b2<\/th>\n                    <th class=\"grupo-header sub-header\">Kg\/pe\u00e7a<\/th>\n                    <th class=\"grupo-header sub-header\">Kg\/m\u00b2<\/th>\n                    <th class=\"grupo-header sub-header\">Kg\/pe\u00e7a<\/th>\n                    <th class=\"grupo-header sub-header\">Kg\/m\u00b2<\/th>\n                    <th class=\"grupo-header sub-header\">Kg\/pe\u00e7a<\/th>\n                <\/tr>\n            <\/thead>\n            <tbody>\n                <tr>\n                    <td rowspan=\"2\" class=\"serie-cell\">Q138<\/td>\n                    <td>TOR138-0<\/td>\n                    <td>10 X 10<\/td>\n                    <td>4,2 X 4,2<\/td>\n                    <td>1,38 X 1,38<\/td>\n                    <td>2,30 &nbsp;<strong>X<\/strong>&nbsp; 2,90<\/td>\n                    <td rowspan=\"2\" class=\"peso-cell\">2,2<\/td>\n                    <td>14,7<\/td>\n                    <td>2,4<\/td>\n                    <td>16,0<\/td>\n                    <td>2,6<\/td>\n                    <td>17,3<\/td>\n                <\/tr>\n                <tr>\n                    <td>TOR138-1<\/td>\n                    <td>10 X 10<\/td>\n                    <td>4,2 X 4,2<\/td>\n                    <td>1,38 X 1,38<\/td>\n                    <td>2,40 &nbsp;<strong>X<\/strong>&nbsp; 3,00<\/td>\n                    <td>16,2<\/td>\n                    <td>2,4<\/td>\n                    <td>17,5<\/td>\n                    <td>2,6<\/td>\n                    <td>18,9<\/td>\n                <\/tr>\n                <tr>\n                    <td rowspan=\"2\" class=\"serie-cell\">Q196<\/td>\n                    <td>TOR196-0<\/td>\n                    <td>10 X 10<\/td>\n                    <td>5,0 X 5,0<\/td>\n                    <td>1,96 X 1,96<\/td>\n                    <td>2,30 &nbsp;<strong>X<\/strong>&nbsp; 2,90<\/td>\n                    <td rowspan=\"2\" class=\"peso-cell\">3,1<\/td>\n                    <td>20,7<\/td>\n                    <td>3,3<\/td>\n                    <td>22,0<\/td>\n                    <td>3,6<\/td>\n                    <td>23,8<\/td>\n                <\/tr>\n                <tr>\n                    <td>TOR196-1<\/td>\n                    <td>10 X 10<\/td>\n                    <td>5,0 X 5,0<\/td>\n                    <td>1,96 X 1,96<\/td>\n                    <td>2,40 &nbsp;<strong>X<\/strong>&nbsp; 3,00<\/td>\n                    <td>22,9<\/td>\n                    <td>3,3<\/td>\n                    <td>24,2<\/td>\n                    <td>3,5<\/td>\n                    <td>26,1<\/td>\n                <\/tr>\n                <tr>\n                    <td rowspan=\"2\" class=\"serie-cell\">Q238<\/td>\n                    <td>TOR246-0<\/td>\n                    <td>10 X 10<\/td>\n                    <td>5,5 X 5,5<\/td>\n                    <td>2,46 X 2,46<\/td>\n                    <td>2,30 &nbsp;<strong>X<\/strong>&nbsp; 2,90<\/td>\n                    <td rowspan=\"2\" class=\"peso-cell\">3,9<\/td>\n                    <td>26,1<\/td>\n                    <td>4,1<\/td>\n                    <td>27,4<\/td>\n                    <td>4,4<\/td>\n                    <td>29,6<\/td>\n                <\/tr>\n                <tr>\n                    <td>TOR246-1<\/td>\n                    <td>10 X 10<\/td>\n                    <td>5,5 X 5,5<\/td>\n                    <td>2,46 X 2,46<\/td>\n                    <td>2,40 &nbsp;<strong>X<\/strong>&nbsp; 3,00<\/td>\n                    <td>28,7<\/td>\n                    <td>4,1<\/td>\n                    <td>30,0<\/td>\n                    <td>4,4<\/td>\n                    <td>32,4<\/td>\n                <\/tr>\n            <\/tbody>\n        <\/table>\n    <\/section>\n    \n    <!-- Imagem do Produto -->\n    <figure class=\"telas-imagem-container\">\n        <img decoding=\"async\" src=\"https:\/\/torcisao.ind.br\/wp-content\/uploads\/2026\/01\/Captura-de-tela-2026-01-28-132706.png\" alt=\"Telas Eletrosoldadas aplicadas em t\u00fanel de minera\u00e7\u00e3o\" title=\"Telas Eletrosoldadas em T\u00fanel\" class=\"telas-imagem\" loading=\"lazy\" itemprop=\"image\" \/>\n    <\/figure>\n    \n    <!-- Se\u00e7\u00e3o Refor\u00e7os -->\n    <section>\n        <h2 class=\"telas-reforcos-titulo\">REFOR\u00c7OS:<\/h2>\n        <div class=\"telas-reforcos-box\">\n            As telas eletrosoldadas passam por um processo adicional de refor\u00e7o com solda MIG\/MAG, aplicado estrategicamente para aumentar seu desempenho estrutural. Esse refor\u00e7o \u00e9 realizado em 50% da \u00e1rea da malha, com soldagens em pontos alternados, e em 100% dos pontos localizados nas bordas. Essa configura\u00e7\u00e3o assegura uma distribui\u00e7\u00e3o eficiente dos esfor\u00e7os, proporcionando maior resist\u00eancia mec\u00e2nica, rigidez dimensional e estabilidade da estrutura. Como resultado, as telas oferecem ganhos significativos em produtividade nas galerias, al\u00e9m de garantir elevados padr\u00f5es de seguran\u00e7a e durabilidade.\n        <\/div>\n    <\/section>\n    \n    <!-- Dimens\u00e3o -->\n    <div class=\"telas-dimensao\">2,40 X 3,00<\/div>\n    \n    <!-- Imagem da malha -->\n    <figure class=\"telas-malha-container\">\n        <img decoding=\"async\" src=\"https:\/\/torcisao.ind.br\/wp-content\/uploads\/2026\/01\/Captura-de-tela-2026-01-28-134341.png\" alt=\"Esquema da malha de tela eletrosoldada com detalhe do refor\u00e7o\" title=\"Malha Tela Eletrosoldada\" class=\"telas-malha-img\" loading=\"lazy\" \/>\n    <\/figure>\n    \n    <!-- Observa\u00e7\u00e3o -->\n    <p class=\"telas-obs\">*Fabricamos diversas larguras e comprimentos.<\/p>\n    \n    <!-- Bot\u00e3o CTA -->\n    <div class=\"telas-cta-container\">\n        <a href=\"\/en\/orcamento\/\" class=\"telas-cta-btn\" title=\"Solicitar or\u00e7amento de Telas Eletrosoldadas\">Solicitar Or\u00e7amento<\/a>\n    <\/div>\n<\/article>\n<\/main>\n<\/body>\n<\/html>\n\t\t\t\t\t\t\t\t<\/div>\n\t\t\t\t<\/div>\n\t\t\t\t\t<\/div>\n\t\t\t\t<\/div>\n\t\t\t\t<\/div>","protected":false},"excerpt":{"rendered":"<p>Telas Eletrosoldadas e Refor\u00e7adas para Minera\u00e7\u00e3o | A\u00e7o CA60 | Tor\u00e7\u00e3o TELAS ELETROSOLDADAS E REFOR\u00c7ADAS A tela eletrosoldada \u00e9 produzida com tecnologia avan\u00e7ada, a partir de armaduras de a\u00e7o CA60. Sua composi\u00e7\u00e3o consiste em fios longitudinais e transversais, unidos nos pontos de cruzamento por soldagem el\u00e9trica, realizada por m\u00e1quinas de alta precis\u00e3o. Esse processo resulta [&hellip;]<\/p>","protected":false},"author":1,"featured_media":0,"parent":0,"menu_order":0,"comment_status":"closed","ping_status":"closed","template":"","meta":{"om_disable_all_campaigns":false,"footnotes":""},"class_list":["post-3399","page","type-page","status-publish","hentry"],"aioseo_notices":[],"_links":{"self":[{"href":"https:\/\/torcisao.ind.br\/en\/wp-json\/wp\/v2\/pages\/3399","targetHints":{"allow":["GET"]}}],"collection":[{"href":"https:\/\/torcisao.ind.br\/en\/wp-json\/wp\/v2\/pages"}],"about":[{"href":"https:\/\/torcisao.ind.br\/en\/wp-json\/wp\/v2\/types\/page"}],"author":[{"embeddable":true,"href":"https:\/\/torcisao.ind.br\/en\/wp-json\/wp\/v2\/users\/1"}],"replies":[{"embeddable":true,"href":"https:\/\/torcisao.ind.br\/en\/wp-json\/wp\/v2\/comments?post=3399"}],"version-history":[{"count":22,"href":"https:\/\/torcisao.ind.br\/en\/wp-json\/wp\/v2\/pages\/3399\/revisions"}],"predecessor-version":[{"id":3428,"href":"https:\/\/torcisao.ind.br\/en\/wp-json\/wp\/v2\/pages\/3399\/revisions\/3428"}],"wp:attachment":[{"href":"https:\/\/torcisao.ind.br\/en\/wp-json\/wp\/v2\/media?parent=3399"}],"curies":[{"name":"wp","href":"https:\/\/api.w.org\/{rel}","templated":true}]}}